{"id":18,"date":"2022-10-30T17:48:29","date_gmt":"2022-10-30T17:48:29","guid":{"rendered":"https:\/\/www.isggalerisi.com\/kamp\/ana-sayfa\/"},"modified":"2024-11-09T11:43:27","modified_gmt":"2024-11-09T11:43:27","slug":"ana-sayfa","status":"publish","type":"page","link":"https:\/\/www.isggalerisi.com\/kamp\/","title":{"rendered":"DENEME SINAVI KAMPI"},"content":{"rendered":"\n<p class=\"has-base-2-background-color has-background\">Deneme s\u0131navlar\u0131 e\u011fitim setimizin son b\u00f6l\u00fcm\u00fcnde d\u00fczenledi\u011fimiz bir etkinliktir. Bu etkinlikle kullan\u0131c\u0131 ad\u0131n\u0131z ve \u015fifreniz ile giri\u015f yaparak denemeleri \u00e7\u00f6zebilir ve \u00e7\u00f6z\u00fcmlerini izleyebilirsiniz. Size uygun olan deneme setine t\u0131klay\u0131n\u0131z.<\/p>\n\n\n\n<div class=\"wp-block-columns is-layout-flex wp-container-core-columns-is-layout-1 wp-block-columns-is-layout-flex\" style=\"border-style:none;border-width:0px\">\n<div class=\"wp-block-column is-layout-flow wp-container-core-column-is-layout-1 wp-block-column-is-layout-flow\" style=\"border-width:1px\">\n<p class=\"has-text-align-center\" style=\"margin-top:var(--wp--preset--spacing--20);margin-bottom:var(--wp--preset--spacing--20)\"><strong>\u0130\u015e G\u00dcVENL\u0130\u011e\u0130 UZMANLARI<\/strong><\/p>\n\n\n\n<figure class=\"wp-block-image aligncenter size-large is-resized has-custom-border is-style-rounded is-style-rounded--1\"><img loading=\"lazy\" decoding=\"async\" width=\"1024\" height=\"1024\" src=\"https:\/\/www.isggalerisi.com\/kamp\/wp-content\/uploads\/2024\/11\/Is-Guvenligi-Uzmanligi-Deneme-Kampi-ISG-GALERISI-Arda-Genis-B-Sinifi-IGU-1024x1024.jpg\" alt=\"\" class=\"wp-image-689\" style=\"border-width:3px;width:300px\" srcset=\"https:\/\/www.isggalerisi.com\/kamp\/wp-content\/uploads\/2024\/11\/Is-Guvenligi-Uzmanligi-Deneme-Kampi-ISG-GALERISI-Arda-Genis-B-Sinifi-IGU-1024x1024.jpg 1024w, https:\/\/www.isggalerisi.com\/kamp\/wp-content\/uploads\/2024\/11\/Is-Guvenligi-Uzmanligi-Deneme-Kampi-ISG-GALERISI-Arda-Genis-B-Sinifi-IGU-300x300.jpg 300w, https:\/\/www.isggalerisi.com\/kamp\/wp-content\/uploads\/2024\/11\/Is-Guvenligi-Uzmanligi-Deneme-Kampi-ISG-GALERISI-Arda-Genis-B-Sinifi-IGU-150x150.jpg 150w, https:\/\/www.isggalerisi.com\/kamp\/wp-content\/uploads\/2024\/11\/Is-Guvenligi-Uzmanligi-Deneme-Kampi-ISG-GALERISI-Arda-Genis-B-Sinifi-IGU-768x768.jpg 768w, https:\/\/www.isggalerisi.com\/kamp\/wp-content\/uploads\/2024\/11\/Is-Guvenligi-Uzmanligi-Deneme-Kampi-ISG-GALERISI-Arda-Genis-B-Sinifi-IGU.jpg 1120w\" sizes=\"auto, (max-width: 1024px) 100vw, 1024px\" \/><\/figure>\n\n\n\n<div class=\"wp-block-buttons is-content-justification-center is-layout-flex wp-container-core-buttons-is-layout-1 wp-block-buttons-is-layout-flex\" style=\"margin-top:var(--wp--preset--spacing--20);margin-bottom:var(--wp--preset--spacing--20)\">\n<div class=\"wp-block-button\"><a class=\"wp-block-button__link wp-element-button\" href=\"https:\/\/www.isggalerisi.com\/kamp\/igu-denemeler\/\">DENEMELERE G\u0130R\u0130\u015e YAP<\/a><\/div>\n<\/div>\n<\/div>\n\n\n\n<div class=\"wp-block-column is-layout-flow wp-block-column-is-layout-flow\" style=\"border-width:1px;padding-top:0;padding-right:var(--wp--preset--spacing--10);padding-bottom:0;padding-left:var(--wp--preset--spacing--10)\">\n<p class=\"has-text-align-center\" style=\"margin-top:var(--wp--preset--spacing--20);margin-bottom:var(--wp--preset--spacing--20)\"><strong>D\u0130\u011eER SA\u011eLIK PERSONELLER\u0130<\/strong><\/p>\n\n\n\n<figure class=\"wp-block-image aligncenter size-large is-resized has-custom-border is-style-rounded has-lightbox is-style-rounded--2\"><img loading=\"lazy\" decoding=\"async\" width=\"1024\" height=\"1024\" src=\"https:\/\/www.isggalerisi.com\/kamp\/wp-content\/uploads\/2024\/11\/Diger-Saglik-Personeli-Deneme-Kampi-ISG-GALERISI-Arda-Genis-B-Sinifi-IGU-1024x1024.jpg\" alt=\"\" class=\"wp-image-690\" style=\"border-width:3px;width:300px;height:auto\" srcset=\"https:\/\/www.isggalerisi.com\/kamp\/wp-content\/uploads\/2024\/11\/Diger-Saglik-Personeli-Deneme-Kampi-ISG-GALERISI-Arda-Genis-B-Sinifi-IGU-1024x1024.jpg 1024w, https:\/\/www.isggalerisi.com\/kamp\/wp-content\/uploads\/2024\/11\/Diger-Saglik-Personeli-Deneme-Kampi-ISG-GALERISI-Arda-Genis-B-Sinifi-IGU-300x300.jpg 300w, https:\/\/www.isggalerisi.com\/kamp\/wp-content\/uploads\/2024\/11\/Diger-Saglik-Personeli-Deneme-Kampi-ISG-GALERISI-Arda-Genis-B-Sinifi-IGU-150x150.jpg 150w, https:\/\/www.isggalerisi.com\/kamp\/wp-content\/uploads\/2024\/11\/Diger-Saglik-Personeli-Deneme-Kampi-ISG-GALERISI-Arda-Genis-B-Sinifi-IGU-768x768.jpg 768w, https:\/\/www.isggalerisi.com\/kamp\/wp-content\/uploads\/2024\/11\/Diger-Saglik-Personeli-Deneme-Kampi-ISG-GALERISI-Arda-Genis-B-Sinifi-IGU.jpg 1120w\" sizes=\"auto, (max-width: 1024px) 100vw, 1024px\" \/><\/figure>\n\n\n\n<div class=\"wp-block-buttons is-content-justification-center is-layout-flex wp-container-core-buttons-is-layout-2 wp-block-buttons-is-layout-flex\">\n<div class=\"wp-block-button\"><a class=\"wp-block-button__link wp-element-button\" href=\"https:\/\/www.isggalerisi.com\/kamp\/dsp-denemeler\/\">DENEMELERE G\u0130R\u0130\u015e YAP<\/a><\/div>\n<\/div>\n<\/div>\n<\/div>\n\n\n\n<p style=\"margin-top:var(--wp--preset--spacing--60);margin-right:var(--wp--preset--spacing--10);margin-bottom:var(--wp--preset--spacing--60);margin-left:var(--wp--preset--spacing--10)\"><\/p>\n","protected":false},"excerpt":{"rendered":"<p>Deneme s\u0131navlar\u0131 e\u011fitim setimizin son b\u00f6l\u00fcm\u00fcnde d\u00fczenledi\u011fimiz bir etkinliktir. Bu etkinlikle kullan\u0131c\u0131 ad\u0131n\u0131z ve \u015fifreniz ile giri\u015f yaparak denemeleri \u00e7\u00f6zebilir ve \u00e7\u00f6z\u00fcmlerini izleyebilirsiniz. Size uygun olan deneme setine t\u0131klay\u0131n\u0131z. \u0130\u015e G\u00dcVENL\u0130\u011e\u0130 UZMANLARI D\u0130\u011eER SA\u011eLIK PERSONELLER\u0130<\/p>\n","protected":false},"author":1,"featured_media":0,"parent":0,"menu_order":0,"comment_status":"closed","ping_status":"closed","template":"deneme-sinavi-kampi-on-sayfa","meta":{"_coblocks_attr":"","_coblocks_dimensions":"","_coblocks_responsive_height":"","_coblocks_accordion_ie_support":"","footnotes":""},"class_list":["post-18","page","type-page","status-publish","hentry"],"_links":{"self":[{"href":"https:\/\/www.isggalerisi.com\/kamp\/wp-json\/wp\/v2\/pages\/18","targetHints":{"allow":["GET"]}}],"collection":[{"href":"https:\/\/www.isggalerisi.com\/kamp\/wp-json\/wp\/v2\/pages"}],"about":[{"href":"https:\/\/www.isggalerisi.com\/kamp\/wp-json\/wp\/v2\/types\/page"}],"author":[{"embeddable":true,"href":"https:\/\/www.isggalerisi.com\/kamp\/wp-json\/wp\/v2\/users\/1"}],"replies":[{"embeddable":true,"href":"https:\/\/www.isggalerisi.com\/kamp\/wp-json\/wp\/v2\/comments?post=18"}],"version-history":[{"count":28,"href":"https:\/\/www.isggalerisi.com\/kamp\/wp-json\/wp\/v2\/pages\/18\/revisions"}],"predecessor-version":[{"id":701,"href":"https:\/\/www.isggalerisi.com\/kamp\/wp-json\/wp\/v2\/pages\/18\/revisions\/701"}],"wp:attachment":[{"href":"https:\/\/www.isggalerisi.com\/kamp\/wp-json\/wp\/v2\/media?parent=18"}],"curies":[{"name":"wp","href":"https:\/\/api.w.org\/{rel}","templated":true}]}}